{"id":5328,"date":"2024-05-20T09:47:19","date_gmt":"2024-05-20T08:47:19","guid":{"rendered":"https:\/\/construyevalores.es\/politica-de-cookies\/"},"modified":"2026-01-15T12:02:21","modified_gmt":"2026-01-15T11:02:21","slug":"politica-de-cookies","status":"publish","type":"page","link":"https:\/\/construyevalores.es\/ca\/politica-de-cookies\/","title":{"rendered":"Pol\u00edtica de Cookies"},"content":{"rendered":"[vc_row type=&#8221;in_container&#8221; full_screen_row_position=&#8221;middle&#8221; scene_position=&#8221;center&#8221; text_color=&#8221;dark&#8221; text_align=&#8221;left&#8221; overlay_strength=&#8221;0.3&#8243; shape_divider_position=&#8221;bottom&#8221; bg_image_animation=&#8221;none&#8221;][vc_column column_padding=&#8221;no-extra-padding&#8221; column_padding_position=&#8221;all&#8221; background_color_opacity=&#8221;1&#8243; background_hover_color_opacity=&#8221;1&#8243; column_link_target=&#8221;_self&#8221; column_shadow=&#8221;none&#8221; column_border_radius=&#8221;none&#8221; width=&#8221;1\/1&#8243; tablet_width_inherit=&#8221;default&#8221; tablet_text_alignment=&#8221;default&#8221; phone_text_alignment=&#8221;default&#8221; column_border_width=&#8221;none&#8221; column_border_style=&#8221;solid&#8221; bg_image_animation=&#8221;none&#8221;][vc_column_text]\n<h1>Pol\u00edtica de cookies<\/h1>\n[\/vc_column_text][\/vc_column][\/vc_row][vc_row type=&#8221;in_container&#8221; full_screen_row_position=&#8221;middle&#8221; scene_position=&#8221;center&#8221; text_color=&#8221;dark&#8221; text_align=&#8221;left&#8221; overlay_strength=&#8221;0.3&#8243; shape_divider_position=&#8221;bottom&#8221; bg_image_animation=&#8221;none&#8221;][vc_column column_padding=&#8221;no-extra-padding&#8221; column_padding_position=&#8221;all&#8221; background_color_opacity=&#8221;1&#8243; background_hover_color_opacity=&#8221;1&#8243; column_link_target=&#8221;_self&#8221; column_shadow=&#8221;none&#8221; column_border_radius=&#8221;none&#8221; width=&#8221;1\/1&#8243; tablet_width_inherit=&#8221;default&#8221; tablet_text_alignment=&#8221;default&#8221; phone_text_alignment=&#8221;default&#8221; column_border_width=&#8221;none&#8221; column_border_style=&#8221;solid&#8221; bg_image_animation=&#8221;none&#8221;][vc_column_text css=&#8221;.vc_custom_1716194914777{margin-bottom: 40px !important;}&#8221;]Benvinguda\/da a la POL\u00cdTICA DE COOKIES de la p\u00e0gina web de MEDICUS MUNDI MEDITERR\u00c0NIA, prove\u00efda de NIF\/CIF G59944314.<\/p>\n<p><b>Versi\u00f3:<\/b> 20\/5\/2024<\/p>\n<p>En compliment de l&#8217;article 22.2 de la Llei 34\/2002 de serveis de la societat de la informaci\u00f3 i de comer\u00e7 electr\u00f2nic LSSICE, del que disposa el Reglament Europeu de Protecci\u00f3 de Dades RGPD 679\/2016 i la Llei Org\u00e0nica 3\/2018 de Protecci\u00f3 de Dades Personals i garantia dels drets digitals, MEDICUS MUN els dispositius d&#8217;emmagatzematge i recuperaci\u00f3 de dades i, en particular, sobre les finalitats del tractament de les dades, i per aix\u00f2 us informem que aquest lloc web utilitza cookies que permeten el funcionament i la prestaci\u00f3 dels serveis oferts en aquest.<\/p>\n<p>Oferim la informaci\u00f3 de la manera m\u00e9s clara possible, concisa i transparent, utilitzant un llenguatge clar i senzill. La informaci\u00f3 est\u00e0 a disposici\u00f3 dels usuaris de forma accessible i permanent a trav\u00e9s del \u201cPANELL DE CONFIGURACI\u00d3\u201d. <\/p>\n<p>Validesa consentiment prestat. Per norma general, la validesa del consentiment prestat com a usuari per a l&#8217;\u00fas d&#8217;una determinada galeta no tindr\u00e0 una durada superior a 2 anys, conservant durant aquest temps la selecci\u00f3 realitzada. <\/p>\n<p>Menors de 14 anys. Si tens menys de 14 anys has de demanar al teu pare, mare o tutor que llegeixin aquest missatge i acceptin si consenten que utilitzem les galetes. <\/p>\n<p>Actualitzaci\u00f3. Sempre que canvi\u00efn els fins d&#8217;\u00fas de les galetes se us informar\u00e0 sobre aix\u00f2. <\/p>\n<h2><b>1\u00ba DEFINICI\u00d3 I FUNCI\u00d3 GEN\u00c8RICA DE LES COOKIES.<\/b><\/h2>\n<p>Qu\u00e8 s\u00f3n les galetes? Les galetes s\u00f3n petits arxius de text que els llocs web instal\u00b7len a l&#8217;ordinador o dispositiu m\u00f2bil dels usuaris que els visiten. Aquest lloc web utilitza galetes i\/o tecnologies similars que emmagatzemen i recuperen informaci\u00f3 quan navegues. En general, aquestes tecnologies poden servir per a finalitats molt diverses, com ara recon\u00e8ixer-te com a usuari, obtenir informaci\u00f3 sobre els teus h\u00e0bits de navegaci\u00f3, o personalitzar la manera com es mostra el contingut. Els usos concrets que fem d&#8217;aquestes tecnologies es descriuen al panell de configuraci\u00f3 ia continuaci\u00f3.    <\/p>\n<h2><b>2n QUIN TIPUS DE COOKIES S&#8217;UTILITZEN EN AQUESTA WEB I LA SEVA FINALITAT<\/b><\/h2>\n<p>Hi ha diversos tipus i pots consultar m\u00e9s informaci\u00f3 detallada al, <b>Panell de Configuraci\u00f3<\/b> :<\/p>\n<p>-Cookies T\u00e8cniques o Necess\u00e0ries<br \/>\n-Cookies de Prefer\u00e8ncies o personalitzaci\u00f3<br \/>\n-Cookies d&#8217;An\u00e0lisi o Mesura<br \/>\n-Cookies de M\u00e0rqueting o Publicitat<\/p>\n<h2><b>3r QUI UTILITZA LA INFORMACI\u00d3 OBTINGUDA PER LES COOKIES?<\/b><\/h2>\n<p>Veure detall al PANELL DE CONFIGURACI\u00d3 en funci\u00f3 de <b>qui les gestiona: Pr\u00f2pies o de Tercers.<\/b><\/p>\n<p>Cookies pr\u00f2pies, generades i controlades per la web, i de tercers (que mostren contingut de prove\u00efdors externs com youtube, Facebook, twitter\u2026) per analitzar els nostres serveis i mostrar publicitat relacionada amb les teves prefer\u00e8ncies en base a un perfil elaborat a partir dels teus h\u00e0bits de navegaci\u00f3 (per exemple, p\u00e0gines visitades).<\/p>\n<h2><b>4t INFORMACI\u00d3 SOBRE LA FORMA D&#8217;ACCEPTAR, REBUTJAR EL CONSENTIMENT O ELIMINAR LES COOKIES COM LES GESTION? COOKIES DE TERCERS. <\/b><\/h2>\n<p>Heu de tenir en compte que, si accepteu les galetes de tercers, les heu d&#8217;eliminar des de les opcions del navegador o des del sistema ofert pel mateix tercer.<\/p>\n<p>Podeu permetre, bloquejar o eliminar les galetes instal\u00b7lades al vostre dispositiu a trav\u00e9s del men\u00fa de configuraci\u00f3 del vostre navegador d&#8217;internet, podent configurar-lo perqu\u00e8 bloquegi les galetes o alerte l&#8217;usuari quan un servidor vulgui guardar-la.<\/p>\n<p>Els seg\u00fcents enlla\u00e7os proporcionen informaci\u00f3 en relaci\u00f3 amb com configurar i\/o deshabilitar les galetes per a cadascun dels principals navegadors del mercat per tal que l&#8217;usuari pugui decidir si accepta o no l&#8217;\u00fas de galetes:<\/p>\n<ul>\n<li><a href=\"https:\/\/support.microsoft.com\/es-es\/help\/17442\/windows-internet-explorer-delete-manage-cookies\" target=\"_blank\" rel=\"noopener noreferrer\">-Microsoft Internet Explorer:<\/a> men\u00fa Eines&gt; Opcions d&#8217;Internet&gt; Privadesa&gt; Configuraci\u00f3.<\/li>\n<li><a href=\"https:\/\/support.mozilla.org\/es\/kb\/habilitar-y-deshabilitar-cookies-sitios-web-rastrear-preferencias?redirectlocale=es&amp;redirectslug=habilitar-y-deshabilitar-cookies-que-los-sitios-we\" target=\"_blank\" rel=\"noopener noreferrer\">-Firefox:<\/a> men\u00fa Eines&gt; Opcions&gt; Privadesa&gt; Galetes.<\/li>\n<li><a href=\"https:\/\/support.google.com\/accounts\/answer\/61416?hl=es\" target=\"_blank\" rel=\"noopener noreferrer\">-Chrome:<\/a> men\u00fa Opcions&gt; Opcions avan\u00e7ades&gt; Privadesa.<\/li>\n<li><a href=\"https:\/\/support.apple.com\/es-es\/guide\/safari\/sfri11471\/mac\" target=\"_blank\" rel=\"noopener noreferrer\">-Safari:<\/a> men\u00fa Prefer\u00e8ncies\/Privadesa.<\/li>\n<li><a href=\"https:\/\/support.apple.com\/es-es\/HT201265\" target=\"_blank\" rel=\"noopener noreferrer\">-Safari per a iOS (iPhone i iPad):<\/a> Opci\u00f3 Ajustaments&gt; Safari.<\/li>\n<li><a href=\"https:\/\/support.google.com\/chrome\/answer\/95647?co=GENIE.Platform%3DAndroid&amp;hl=es-419\" target=\"_blank\" rel=\"noopener noreferrer\">-Chrome per Android:<\/a> Configuraci\u00f3&gt; Configuraci\u00f3 de llocs web&gt; Galetes.<\/li>\n<\/ul>\n<p>En el cas que el vostre navegador no figuri a la llista anterior, a la secci\u00f3 \u201cAjuda\u201d trobareu les instruccions necess\u00e0ries per modificar els ajustaments. Tingueu en compte que si accepteu les galetes de tercers, haureu d&#8217;eliminar-les des de les opcions del navegador. <\/p>\n<p>Com a usuari pot gestionar\/eliminar cookies si aix\u00ed ho desitja:<\/p>\n<p><b>-Eliminar les galetes del dispositiu.  <\/b>Podeu eliminar les galetes que ja tingueu al dispositiu esborrant l&#8217;historial del navegador. D&#8217;aquesta manera se suprimiran les galetes de tots els llocs web que heu visitat. No obstant aix\u00f2, tamb\u00e9 podeu perdre part de la informaci\u00f3 que tingueu desada (per exemple, identificadors d&#8217;inici de sessi\u00f3 o prefer\u00e8ncies per als llocs web).  <\/p>\n<p><b>-Gestionar les galetes d&#8217;un lloc determinat.  <\/b>Per tenir un control m\u00e9s prec\u00eds de les galetes espec\u00edfiques de cada lloc, els usuaris poden ajustar la seva configuraci\u00f3 de privadesa i galetes al navegador.<\/p>\n<p><b>-Bloquejar les galetes.  <\/b>\u00c9s possible configurar la majoria dels navegadors perqu\u00e8 no acceptin galetes al dispositiu que utilitza, per\u00f2 en aquest cas pot haver de configurar manualment una s\u00e8rie de prefer\u00e8ncies cada vegada que visitis un lloc o p\u00e0gina.<\/p>\n<h2><b>5\u00e8 INFORMACI\u00d3 SOBRE LES TRANSFER\u00c8NCIES DE DADES A TERCERS PA\u00cfSOS REALITZADES PER L&#8217;EDITOR.<\/b><\/h2>\n<p>Respecte de les transfer\u00e8ncies que, si s&#8217;escau, facin tercers, \u00e9s v\u00e0lida la tramesa a la informaci\u00f3 que facilitin aquests tercers. Podeu informar-vos de les transfer\u00e8ncies a tercers pa\u00efsos que, si escau, realitzen els tercers identificats en aquesta pol\u00edtica de cookies en les seves pol\u00edtiques corresponents. <\/p>\n<h2><b>6\u00e8 ELABORACI\u00d3 DE PERFILS<\/b><\/h2>\n<p>Quan l&#8217;elaboraci\u00f3 de perfils impliqui la presa de decisions automatitzades amb efectes jur\u00eddics per a l&#8217;usuari o l&#8217;afectin significativament de manera similar, se us informar\u00e0 de la import\u00e0ncia i les conseq\u00fc\u00e8ncies previstes.<\/p>\n<h2><b>7\u00e8 PER\u00cdODE DE CONSERVACI\u00d3 DE LES DADES PER ALS DIFERENTS FINS EN ELS TERMES ESTABLERTS EN L&#8217;ARTICLE 13.2 A) DEL RGPD.<\/b><\/h2>\n<p>Veure detall al PANELL DE CONFIGURACI\u00d3 en funci\u00f3 del <b>Temps que romanen<\/b> : Indicant-li durada o termini d&#8217;expiraci\u00f3. El termini durant el qual es conservaran les dades (personals si n&#8217;hi hagu\u00e9s) o els criteris utilitzats per determinar aquest termini. <\/p>\n<p>Com a bona pr\u00e0ctica en la renovaci\u00f3 del consentiment, la validesa del consentiment prestat per un usuari per a l\u00fas duna determinada galeta, es conservar\u00e0 la selecci\u00f3 realitzada, i no tindr\u00e0 una durada superior a 24 mesos.<\/p>\n<p>Si voleu m\u00e9s informaci\u00f3 sobre el tractament de les vostres dades podeu consultar la nostra pol\u00edtica de privadesa[\/vc_column_text][\/vc_column][\/vc_row]\n","protected":false},"excerpt":{"rendered":"<p>[vc_row type=&#8221;in_container&#8221; full_screen_row_position=&#8221;middle&#8221; scene_position=&#8221;center&#8221; text_color=&#8221;dark&#8221; text_align=&#8221;left&#8221; overlay_strength=&#8221;0.3&#8243; shape_divider_position=&#8221;bottom&#8221; bg_image_animation=&#8221;none&#8221;][vc_column column_padding=&#8221;no-extra-padding&#8221; column_padding_position=&#8221;all&#8221; background_color_opacity=&#8221;1&#8243; background_hover_color_opacity=&#8221;1&#8243; column_link_target=&#8221;_self&#8221; column_shadow=&#8221;none&#8221; column_border_radius=&#8221;none&#8221; width=&#8221;1\/1&#8243; tablet_width_inherit=&#8221;default&#8221; tablet_text_alignment=&#8221;default&#8221; phone_text_alignment=&#8221;default&#8221;&#8230;<\/p>\n","protected":false},"author":5,"featured_media":0,"parent":0,"menu_order":0,"comment_status":"closed","ping_status":"closed","template":"","meta":{"inline_featured_image":false,"footnotes":""},"class_list":["post-5328","page","type-page","status-publish"],"_links":{"self":[{"href":"https:\/\/construyevalores.es\/ca\/wp-json\/wp\/v2\/pages\/5328","targetHints":{"allow":["GET"]}}],"collection":[{"href":"https:\/\/construyevalores.es\/ca\/wp-json\/wp\/v2\/pages"}],"about":[{"href":"https:\/\/construyevalores.es\/ca\/wp-json\/wp\/v2\/types\/page"}],"author":[{"embeddable":true,"href":"https:\/\/construyevalores.es\/ca\/wp-json\/wp\/v2\/users\/5"}],"replies":[{"embeddable":true,"href":"https:\/\/construyevalores.es\/ca\/wp-json\/wp\/v2\/comments?post=5328"}],"version-history":[{"count":2,"href":"https:\/\/construyevalores.es\/ca\/wp-json\/wp\/v2\/pages\/5328\/revisions"}],"predecessor-version":[{"id":5330,"href":"https:\/\/construyevalores.es\/ca\/wp-json\/wp\/v2\/pages\/5328\/revisions\/5330"}],"wp:attachment":[{"href":"https:\/\/construyevalores.es\/ca\/wp-json\/wp\/v2\/media?parent=5328"}],"curies":[{"name":"wp","href":"https:\/\/api.w.org\/{rel}","templated":true}]}}