{"id":4624,"date":"2024-03-27T11:25:16","date_gmt":"2024-03-27T10:25:16","guid":{"rendered":"https:\/\/construyevalores.es\/coneix-els-cicles-productius\/"},"modified":"2024-05-23T15:36:57","modified_gmt":"2024-05-23T14:36:57","slug":"coneix-els-cicles-productius","status":"publish","type":"page","link":"https:\/\/construyevalores.es\/ca\/coneix-els-cicles-productius\/","title":{"rendered":"CONEIX ELS CICLES PRODUCTIUS"},"content":{"rendered":"[vc_row type=&#8221;full_width_content&#8221; full_screen_row_position=&#8221;middle&#8221; equal_height=&#8221;yes&#8221; content_placement=&#8221;middle&#8221; bg_color=&#8221;#ffffff&#8221; scene_position=&#8221;center&#8221; text_color=&#8221;dark&#8221; text_align=&#8221;left&#8221; top_padding=&#8221;0&#8243; bottom_padding=&#8221;0&#8243; overlay_strength=&#8221;0.3&#8243; shape_divider_position=&#8221;bottom&#8221; bg_image_animation=&#8221;none&#8221; shape_type=&#8221;&#8221;][vc_column centered_text=&#8221;true&#8221; column_padding=&#8221;padding-5-percent&#8221; column_padding_position=&#8221;left-right&#8221; background_color=&#8221;#f4f4f4&#8243; background_color_opacity=&#8221;1&#8243; background_hover_color_opacity=&#8221;1&#8243; column_link_target=&#8221;_self&#8221; column_shadow=&#8221;none&#8221; column_border_radius=&#8221;none&#8221; top_margin=&#8221;0&#8243; bottom_margin=&#8221;0&#8243; width=&#8221;1\/2&#8243; tablet_width_inherit=&#8221;default&#8221; tablet_text_alignment=&#8221;default&#8221; phone_text_alignment=&#8221;default&#8221; column_border_width=&#8221;none&#8221; column_border_style=&#8221;solid&#8221; bg_image_animation=&#8221;none&#8221;][vc_row_inner column_margin=&#8221;default&#8221; text_align=&#8221;left&#8221;][vc_column_inner column_padding=&#8221;no-extra-padding&#8221; column_padding_position=&#8221;all&#8221; background_color_opacity=&#8221;1&#8243; background_hover_color_opacity=&#8221;1&#8243; column_shadow=&#8221;none&#8221; column_border_radius=&#8221;none&#8221; top_margin=&#8221;100&#8243; bottom_margin=&#8221;100&#8243; column_link_target=&#8221;_self&#8221; width=&#8221;1\/1&#8243; tablet_width_inherit=&#8221;default&#8221; column_border_width=&#8221;none&#8221; column_border_style=&#8221;solid&#8221; bg_image_animation=&#8221;none&#8221; enable_animation=&#8221;true&#8221; animation=&#8221;fade-in-from-bottom&#8221;][vc_custom_heading text=&#8221;Quin impacte tenen les nostres accions quotidianes?&#8221; font_container=&#8221;tag:h2|font_size:40|text_align:left|line_height:50px&#8221; use_theme_fonts=&#8221;yes&#8221; css=&#8221;.vc_custom_1711626559987{padding-bottom: 40px !important;}&#8221;][vc_column_text]\n<p style=\"text-align: left;\">El tema central que tractem en Construint Valors \u00e9s l&#8217;impacte que tenen les nostres accions quotidianes sobre el medi ambient i la resta dels determinants socials que incideixen sobre la salut de totes les persones. La import\u00e0ncia de les accions locals en el context global com a eix fonamental de l\u2019Educaci\u00f3 per a la Ciutadania Global i la Transformaci\u00f3 Social i que s&#8217;emmarca, al seu torn, dins de l\u2019Educaci\u00f3 en Valors que es pret\u00e9n des de les sessions educatives de Construint Valors.<\/p>\n<p style=\"text-align: left;\">Considerem fonamental treballar amb l&#8217;alumnat per a donar-los a con\u00e8ixer l&#8217;origen dels articles que adquireixen quotidianament (aliments, roba, tecnologia\u2026) perqu\u00e8 d&#8217;aquesta manera reflexionen sobre la import\u00e0ncia i les repercussions socials i ambientals que tenen les seves decisions com a consumidors i consumidores. Per a aix\u00f2 treballarem sobre els seus h\u00e0bits de consum, sobre els processos productius que existeixen per a proporcionar-nos dits articles, a detectar situacions d&#8217;injust\u00edcia social i mediambiental, i a buscar alternatives i solucions per a canviar els cicles existents actualment.<\/p>\n<p style=\"text-align: left;\">En #ConstruintValors tractarem 3 temes molt importants: la producci\u00f3 t\u00e8xtil, la producci\u00f3 dels aliments i la producci\u00f3 de la tecnologia, amb la finalitat de treballar amb l&#8217;alumnat la conscienciaci\u00f3 dels problemes que comporta la seva producci\u00f3.<\/p>\n[\/vc_column_text][\/vc_column_inner][\/vc_row_inner][\/vc_column][vc_column column_padding=&#8221;no-extra-padding&#8221; column_padding_position=&#8221;all&#8221; background_color_opacity=&#8221;1&#8243; background_hover_color_opacity=&#8221;1&#8243; background_image=&#8221;3878&#8243; column_link_target=&#8221;_self&#8221; column_shadow=&#8221;none&#8221; column_border_radius=&#8221;none&#8221; width=&#8221;1\/2&#8243; tablet_width_inherit=&#8221;default&#8221; tablet_text_alignment=&#8221;default&#8221; phone_text_alignment=&#8221;default&#8221; column_border_width=&#8221;none&#8221; column_border_style=&#8221;solid&#8221; bg_image_animation=&#8221;none&#8221;][\/vc_column][\/vc_row][vc_row type=&#8221;full_width_background&#8221; full_screen_row_position=&#8221;middle&#8221; bg_color=&#8221;#da3333&#8243; scene_position=&#8221;center&#8221; text_color=&#8221;light&#8221; text_align=&#8221;left&#8221; top_padding=&#8221;70&#8243; bottom_padding=&#8221;70&#8243; overlay_strength=&#8221;0.3&#8243; shape_divider_position=&#8221;bottom&#8221; bg_image_animation=&#8221;none&#8221; shape_type=&#8221;&#8221;][vc_column column_padding=&#8221;no-extra-padding&#8221; column_padding_position=&#8221;all&#8221; background_color_opacity=&#8221;1&#8243; background_hover_color_opacity=&#8221;1&#8243; column_link_target=&#8221;_self&#8221; column_shadow=&#8221;none&#8221; column_border_radius=&#8221;none&#8221; width=&#8221;1\/4&#8243; tablet_width_inherit=&#8221;default&#8221; tablet_text_alignment=&#8221;default&#8221; phone_text_alignment=&#8221;default&#8221; column_border_width=&#8221;none&#8221; column_border_style=&#8221;solid&#8221; bg_image_animation=&#8221;none&#8221;][image_with_animation image_url=&#8221;3872&#8243; alignment=&#8221;center&#8221; animation=&#8221;Grow In&#8221; border_radius=&#8221;none&#8221; box_shadow=&#8221;none&#8221; max_width=&#8221;75%&#8221;][\/vc_column][vc_column column_padding=&#8221;no-extra-padding&#8221; column_padding_position=&#8221;all&#8221; background_color_opacity=&#8221;1&#8243; background_hover_color_opacity=&#8221;1&#8243; column_link_target=&#8221;_self&#8221; column_shadow=&#8221;none&#8221; column_border_radius=&#8221;none&#8221; width=&#8221;3\/4&#8243; tablet_width_inherit=&#8221;default&#8221; tablet_text_alignment=&#8221;default&#8221; phone_text_alignment=&#8221;default&#8221; column_border_width=&#8221;none&#8221; column_border_style=&#8221;solid&#8221; bg_image_animation=&#8221;none&#8221;][vc_custom_heading text=&#8221;1. La producci\u00f3 t\u00e8xtil&#8221; font_container=&#8221;tag:h2|font_size:40|text_align:left|color:%23ffffff|line_height:50px&#8221; use_theme_fonts=&#8221;yes&#8221; css_animation=&#8221;fadeIn&#8221;][vc_column_text]Al nostre pa\u00eds, cada persona gasta al voltant de 437 euros en roba a l\u2019any , per\u00f2 qu\u00e8 sabem, en realitat, sobre les peces que ens posem? On es produeix la major part de la roba que tenim a l&#8217;armari? T\u00e9 un preu just? Quins impactes ecol\u00f2gics i socials s&#8217;associen a la producci\u00f3 global de la ind\u00fastria t\u00e8xtil?<\/p>\n<p>Les grans marques s&#8217;han especialitzat en el disseny i la distribuci\u00f3. Per a abaratir costs, la confecci\u00f3 se subcontracta amb tallers t\u00e8xtils del Sud-est asi\u00e0tic, l&#8217;\u00cdndia o el Marroc on les treballadores \u2013en la seva majoria dones\u2013 cusen les peces per sous miserables durant jornades laborals que s&#8217;estenen durant 12, 14 i fins i tot 16 hores di\u00e0ries en tallers sense les m\u00ednimes condicions de seguretat i higiene.<\/p>\n<p>Parlarem de la cadena de subministrament del sector t\u00e8xtil i dels impactes socials i ambientals que existeixen en el seu proc\u00e9s productiu, posant especial inter\u00e8s en els processos de producci\u00f3 a gran escala.<\/p>\n<p><strong>Parlarem de:<\/strong><\/p>\n<ul>\n<li>Impactes ecol\u00f2gics: consum de recursos (aigua, s\u00f2l\u2026), contaminaci\u00f3 i crisi clim\u00e0tica (fertilitzants, insecticides, transport i log\u00edstica\u2026).<\/li>\n<li>Impactes socials: Vulneraci\u00f3 dels drets laborals dels i les treballadores i treball infantil.<\/li>\n<li>H\u00e0bits de consum<\/li>\n<\/ul>\n[\/vc_column_text][\/vc_column][\/vc_row][vc_row type=&#8221;full_width_background&#8221; full_screen_row_position=&#8221;middle&#8221; bg_color=&#8221;#48a300&#8243; scene_position=&#8221;center&#8221; text_color=&#8221;light&#8221; text_align=&#8221;left&#8221; top_padding=&#8221;70&#8243; bottom_padding=&#8221;70&#8243; overlay_strength=&#8221;0.3&#8243; shape_divider_position=&#8221;bottom&#8221; bg_image_animation=&#8221;none&#8221; shape_type=&#8221;&#8221;][vc_column column_padding=&#8221;no-extra-padding&#8221; column_padding_position=&#8221;all&#8221; background_color_opacity=&#8221;1&#8243; background_hover_color_opacity=&#8221;1&#8243; column_link_target=&#8221;_self&#8221; column_shadow=&#8221;none&#8221; column_border_radius=&#8221;none&#8221; width=&#8221;1\/4&#8243; tablet_width_inherit=&#8221;default&#8221; tablet_text_alignment=&#8221;default&#8221; phone_text_alignment=&#8221;default&#8221; column_border_width=&#8221;none&#8221; column_border_style=&#8221;solid&#8221; bg_image_animation=&#8221;none&#8221;][image_with_animation image_url=&#8221;3874&#8243; alignment=&#8221;center&#8221; animation=&#8221;Grow In&#8221; border_radius=&#8221;none&#8221; box_shadow=&#8221;none&#8221; max_width=&#8221;75%&#8221;][\/vc_column][vc_column column_padding=&#8221;no-extra-padding&#8221; column_padding_position=&#8221;all&#8221; background_color_opacity=&#8221;1&#8243; background_hover_color_opacity=&#8221;1&#8243; column_link_target=&#8221;_self&#8221; column_shadow=&#8221;none&#8221; column_border_radius=&#8221;none&#8221; width=&#8221;3\/4&#8243; tablet_width_inherit=&#8221;default&#8221; tablet_text_alignment=&#8221;default&#8221; phone_text_alignment=&#8221;default&#8221; column_border_width=&#8221;none&#8221; column_border_style=&#8221;solid&#8221; bg_image_animation=&#8221;none&#8221;][vc_custom_heading text=&#8221;2. La producci\u00f3 d&apos;aliments&#8221; font_container=&#8221;tag:h2|font_size:40|text_align:left|color:%23ffffff|line_height:50px&#8221; use_theme_fonts=&#8221;yes&#8221; css_animation=&#8221;fadeIn&#8221;][vc_column_text]Us heu preguntat alguna vegada quants quil\u00f2metres recorre el menjar abans d&#8217;arribar als nostres plats? Com es produeixen els aliments que arriben a casa? Quins impactes ecol\u00f2gics i socials s&#8217;associen al model de producci\u00f3 agroindustrial? L&#8217;alimentaci\u00f3 \u00e9s un dret? Decidim qu\u00e8 mengem? On comprem els aliments?<\/p>\n<p>Amb aquestes preguntes arranquem les sessions per a ensenyar a l&#8217;alumnat quines s\u00f3n les caracter\u00edstiques del model de producci\u00f3 global agroindustrial de l&#8217;alimentaci\u00f3, els h\u00e0bits de consum i els impactes ambientals i socials relacionats.<\/p>\n<p>Ensenyem a l&#8217;alumnat el proc\u00e9s productiu d&#8217;aliments amb exemples com el cacau. Mentre el cultiu de cacau es troba principalment a les regions tropicals dels pa\u00efsos del sud d\u2019\u00c0frica occidental i Llatinoam\u00e8rica, la major part del processament i el consum de productes de cacau es donen als pa\u00efsos industrialitzats. Aix\u00ed, la producci\u00f3 de cacau \u00e9s la font principal d&#8217;ingressos del 90% de fam\u00edlies en pa\u00efsos com Costa d&#8217;Ivori o Ghana. No obstant aix\u00f2, mentre el mercat global de xocolata creix i es concentra cada vegada en menys empreses del nord global, es perp\u00e8tua l&#8217;explotaci\u00f3 laboral de les fam\u00edlies llauradores, les relacions comercials injustes o la desforestaci\u00f3. Din\u00e0miques globals neocolonials que contribueixen a aguditzar la desigualtat, la pobresa i la crisi clim\u00e0tica.<\/p>\n<p><strong>Parlarem de:<\/strong><\/p>\n<ul>\n<li>Relacions comercials justes\/injustes<\/li>\n<li>Processos productius intensius\/extensius<\/li>\n<li>H\u00e0bits de consum<\/li>\n<li>Productes de temporada<\/li>\n<li>Impactes mediambientals (desforestaci\u00f3, contaminaci\u00f3 de l&#8217;aigua i el s\u00f2l, crisi clim\u00e0tica\u2026)<\/li>\n<li>Impactes socials (explotaci\u00f3 laboral, aguditzaci\u00f3 de desigualtats, h\u00e0bits alimentosos\u2026)<\/li>\n<\/ul>\n[\/vc_column_text][\/vc_column][\/vc_row][vc_row type=&#8221;full_width_background&#8221; full_screen_row_position=&#8221;middle&#8221; bg_color=&#8221;#0d68f1&#8243; scene_position=&#8221;center&#8221; text_color=&#8221;light&#8221; text_align=&#8221;left&#8221; top_padding=&#8221;70&#8243; bottom_padding=&#8221;70&#8243; overlay_strength=&#8221;0.3&#8243; shape_divider_position=&#8221;bottom&#8221; bg_image_animation=&#8221;none&#8221; shape_type=&#8221;&#8221;][vc_column column_padding=&#8221;no-extra-padding&#8221; column_padding_position=&#8221;all&#8221; background_color_opacity=&#8221;1&#8243; background_hover_color_opacity=&#8221;1&#8243; column_link_target=&#8221;_self&#8221; column_shadow=&#8221;none&#8221; column_border_radius=&#8221;none&#8221; width=&#8221;1\/4&#8243; tablet_width_inherit=&#8221;default&#8221; tablet_text_alignment=&#8221;default&#8221; phone_text_alignment=&#8221;default&#8221; column_border_width=&#8221;none&#8221; column_border_style=&#8221;solid&#8221; bg_image_animation=&#8221;none&#8221;][image_with_animation image_url=&#8221;3873&#8243; alignment=&#8221;center&#8221; animation=&#8221;Grow In&#8221; border_radius=&#8221;none&#8221; box_shadow=&#8221;none&#8221; max_width=&#8221;75%&#8221;][\/vc_column][vc_column column_padding=&#8221;no-extra-padding&#8221; column_padding_position=&#8221;all&#8221; background_color_opacity=&#8221;1&#8243; background_hover_color_opacity=&#8221;1&#8243; column_link_target=&#8221;_self&#8221; column_shadow=&#8221;none&#8221; column_border_radius=&#8221;none&#8221; width=&#8221;3\/4&#8243; tablet_width_inherit=&#8221;default&#8221; tablet_text_alignment=&#8221;default&#8221; phone_text_alignment=&#8221;default&#8221; column_border_width=&#8221;none&#8221; column_border_style=&#8221;solid&#8221; bg_image_animation=&#8221;none&#8221;][vc_custom_heading text=&#8221;3. Tecnologia&#8221; font_container=&#8221;tag:h2|font_size:40|text_align:left|color:%23ffffff|line_height:50px&#8221; use_theme_fonts=&#8221;yes&#8221; css_animation=&#8221;fadeIn&#8221;][vc_column_text]<span style=\"font-weight: 400;\">Vivim en l&#8217;era de la revoluci\u00f3 tecnol\u00f2gica. Ordinadors, tauletes, tel\u00e8fons intel\u00b7ligents, reproductors de m\u00fasica, llibres electr\u00f2nics. Per\u00f2, sabem d&#8217;on venen tots els components que els formen? Sabem quin impacte t\u00e9 sobre el medi ambient el consum desmesurat d&#8217;aquesta mena de productes? Quin vincle tenen amb algunes viol\u00e8ncies que es produeixen en el sud global? Sabem quins impactes tenen els residus electr\u00f2nics?<\/span><\/p>\n<p>Tots tenim i usem di\u00e0riament el nostre <span style=\"font-weight: 400;\">tel\u00e8fon intel\u00b7ligent,<\/span><span style=\"font-weight: 400;\">per\u00f2 no sabem com es produeix, ni on. Tampoc sabem d&#8217;on venen els components que el formen, ni les hist\u00f2ries que n\u2019hi ha al darrera.<\/span><\/p>\n<p><strong>En aquest cas, parlarem de:<\/strong><\/p>\n<ul>\n<li><span style=\"font-weight: 400;\">Minerals de sang<\/span><\/li>\n<li><span style=\"font-weight: 400;\">Relacions comercials justes\/injustes<\/span><\/li>\n<li><span style=\"font-weight: 400;\">Cicle de vida d&#8217;un producte<\/span><\/li>\n<li><span style=\"font-weight: 400;\">Obsolesc\u00e8ncia programada<\/span><\/li>\n<li><span style=\"font-weight: 400;\">H\u00e0bits de consum<\/span><\/li>\n<li><span style=\"font-weight: 400;\">Impactes mediambientals (crisi clim\u00e0tica, contaminaci\u00f3 de l&#8217;aigua i el s\u00f2l\u2026)<\/span><\/li>\n<li>Impactes socials (explotaci\u00f3 laboral, conflictes armats, refugiats\u2026)<\/li>\n<li>Perpetuaci\u00f3 de desigualtats globals<\/li>\n<\/ul>\n[\/vc_column_text][\/vc_column][\/vc_row][vc_row type=&#8221;full_width_content&#8221; full_screen_row_position=&#8221;middle&#8221; equal_height=&#8221;yes&#8221; content_placement=&#8221;middle&#8221; bg_color=&#8221;#ffffff&#8221; scene_position=&#8221;center&#8221; text_color=&#8221;dark&#8221; text_align=&#8221;left&#8221; top_padding=&#8221;0&#8243; bottom_padding=&#8221;0&#8243; overlay_strength=&#8221;0.3&#8243; shape_divider_position=&#8221;bottom&#8221; bg_image_animation=&#8221;none&#8221; shape_type=&#8221;&#8221;][vc_column column_padding=&#8221;no-extra-padding&#8221; column_padding_position=&#8221;all&#8221; background_color_opacity=&#8221;1&#8243; background_hover_color_opacity=&#8221;1&#8243; background_image=&#8221;3876&#8243; enable_bg_scale=&#8221;true&#8221; column_link_target=&#8221;_self&#8221; column_shadow=&#8221;none&#8221; column_border_radius=&#8221;none&#8221; width=&#8221;1\/2&#8243; tablet_width_inherit=&#8221;default&#8221; tablet_text_alignment=&#8221;default&#8221; phone_text_alignment=&#8221;default&#8221; column_border_width=&#8221;none&#8221; column_border_style=&#8221;solid&#8221; bg_image_animation=&#8221;none&#8221;][\/vc_column][vc_column centered_text=&#8221;true&#8221; column_padding=&#8221;padding-5-percent&#8221; column_padding_position=&#8221;left-right&#8221; background_color=&#8221;#ffffff&#8221; background_color_opacity=&#8221;1&#8243; background_color_hover=&#8221;#ffffff&#8221; background_hover_color_opacity=&#8221;1&#8243; column_link_target=&#8221;_self&#8221; column_shadow=&#8221;none&#8221; column_border_radius=&#8221;none&#8221; top_margin=&#8221;0&#8243; bottom_margin=&#8221;0&#8243; width=&#8221;1\/2&#8243; tablet_width_inherit=&#8221;default&#8221; tablet_text_alignment=&#8221;default&#8221; phone_text_alignment=&#8221;default&#8221; column_border_width=&#8221;none&#8221; column_border_style=&#8221;solid&#8221; bg_image_animation=&#8221;none&#8221;][vc_row_inner column_margin=&#8221;default&#8221; text_align=&#8221;left&#8221; css=&#8221;.vc_custom_1711536307605{margin-left: 0px !important;padding-left: 0px !important;}&#8221;][vc_column_inner column_padding=&#8221;no-extra-padding&#8221; column_padding_position=&#8221;all&#8221; background_color_opacity=&#8221;1&#8243; background_hover_color_opacity=&#8221;1&#8243; column_shadow=&#8221;none&#8221; column_border_radius=&#8221;none&#8221; top_margin=&#8221;100&#8243; bottom_margin=&#8221;100&#8243; column_link_target=&#8221;_self&#8221; width=&#8221;1\/1&#8243; tablet_width_inherit=&#8221;default&#8221; column_border_width=&#8221;none&#8221; column_border_style=&#8221;solid&#8221; bg_image_animation=&#8221;none&#8221; enable_animation=&#8221;true&#8221; animation=&#8221;fade-in-from-bottom&#8221;][vc_custom_heading text=&#8221;Junts #Constru\u00efmValors&#8221; font_container=&#8221;tag:h2|font_size:35|text_align:left&#8221; use_theme_fonts=&#8221;yes&#8221; css_animation=&#8221;fadeIn&#8221; css=&#8221;.vc_custom_1711554672059{padding-bottom: 0px !important;}&#8221;][vc_column_text]\n<p style=\"text-align: left;\">Volem sensibilitzar i informar sobre la relaci\u00f3 entre salut i medi ambient i la interconnexi\u00f3 entre els processos i accions que duem a terme en qualsevol punt del planeta, per a conscienciar de la import\u00e0ncia del consum responsable.<\/p>\n[\/vc_column_text][\/vc_column_inner][\/vc_row_inner][\/vc_column][\/vc_row]\n","protected":false},"excerpt":{"rendered":"<p>[vc_row type=&#8221;full_width_content&#8221; full_screen_row_position=&#8221;middle&#8221; equal_height=&#8221;yes&#8221; content_placement=&#8221;middle&#8221; bg_color=&#8221;#ffffff&#8221; scene_position=&#8221;center&#8221; text_color=&#8221;dark&#8221; text_align=&#8221;left&#8221; top_padding=&#8221;0&#8243; bottom_padding=&#8221;0&#8243; overlay_strength=&#8221;0.3&#8243; shape_divider_position=&#8221;bottom&#8221; bg_image_animation=&#8221;none&#8221; shape_type=&#8221;&#8221;][vc_column centered_text=&#8221;true&#8221; column_padding=&#8221;padding-5-percent&#8221; column_padding_position=&#8221;left-right&#8221; background_color=&#8221;#f4f4f4&#8243; background_color_opacity=&#8221;1&#8243;&#8230;<\/p>\n","protected":false},"author":5,"featured_media":0,"parent":0,"menu_order":0,"comment_status":"closed","ping_status":"closed","template":"","meta":{"inline_featured_image":false,"footnotes":""},"class_list":["post-4624","page","type-page","status-publish"],"_links":{"self":[{"href":"https:\/\/construyevalores.es\/ca\/wp-json\/wp\/v2\/pages\/4624","targetHints":{"allow":["GET"]}}],"collection":[{"href":"https:\/\/construyevalores.es\/ca\/wp-json\/wp\/v2\/pages"}],"about":[{"href":"https:\/\/construyevalores.es\/ca\/wp-json\/wp\/v2\/types\/page"}],"author":[{"embeddable":true,"href":"https:\/\/construyevalores.es\/ca\/wp-json\/wp\/v2\/users\/5"}],"replies":[{"embeddable":true,"href":"https:\/\/construyevalores.es\/ca\/wp-json\/wp\/v2\/comments?post=4624"}],"version-history":[{"count":1,"href":"https:\/\/construyevalores.es\/ca\/wp-json\/wp\/v2\/pages\/4624\/revisions"}],"predecessor-version":[{"id":4625,"href":"https:\/\/construyevalores.es\/ca\/wp-json\/wp\/v2\/pages\/4624\/revisions\/4625"}],"wp:attachment":[{"href":"https:\/\/construyevalores.es\/ca\/wp-json\/wp\/v2\/media?parent=4624"}],"curies":[{"name":"wp","href":"https:\/\/api.w.org\/{rel}","templated":true}]}}